{"id":279,"date":"2023-10-02T09:27:27","date_gmt":"2023-10-02T09:27:27","guid":{"rendered":"http:\/\/www.finqueserra.cat\/?page_id=279"},"modified":"2023-10-02T09:27:28","modified_gmt":"2023-10-02T09:27:28","slug":"politica-de-cookies","status":"publish","type":"page","link":"http:\/\/www.finqueserra.cat\/es\/politica-de-cookies\/","title":{"rendered":"Pol\u00edtica de cookies"},"content":{"rendered":"<h1 class=\"wp-block-heading\">Pol\u00edtica de cookies<\/h1>\n\n\n\n<p><strong>\u00bfQu\u00e9 son las cookies y por qu\u00e9 las utilizamos?<\/strong><\/p>\n\n\n\n<p>Este sitio web, al igual que la mayor\u00eda de sitios web en Internet, utiliza cookies para mejorar la experiencia del usuario. A continuaci\u00f3n, encontrar\u00e1 informaci\u00f3n sobre qu\u00e9 son las cookies, qu\u00e9 tipo de cookies utiliza este portal, c\u00f3mo puede desactivar las cookies en su navegador y c\u00f3mo desactivar espec\u00edficamente la instalaci\u00f3n de las cookies de terceros.<\/p>\n\n\n\n<p><strong>\u00bfQu\u00e9 son las galletas?<\/strong><\/p>\n\n\n\n<p>Las cookies son peque\u00f1os archivos que algunas plataformas, como las p\u00e1ginas web, pueden instalar en su ordenador, tel\u00e9fono inteligente, tableta o televisi\u00f3n conectada. Sus funciones pueden ser variadas: almacenar las preferencias de navegaci\u00f3n, recopilar informaci\u00f3n estad\u00edstica, permitir ciertas funcionalidades t\u00e9cnicas, etc\u00e9tera. En ocasiones, las cookies se utilizan para almacenar informaci\u00f3n b\u00e1sica sobre los h\u00e1bitos de navegaci\u00f3n del usuario o de su equipo, hasta el punto, seg\u00fan los casos, de poder reconocerlo.<\/p>\n\n\n\n<p><strong>\u00bfPor qu\u00e9 son importantes?<\/strong><\/p>\n\n\n\n<p>Las cookies son \u00fatiles para varios motivos. Desde un punto de vista t\u00e9cnico, permiten que las p\u00e1ginas web funcionen de forma m\u00e1s \u00e1gil y adaptada a sus preferencias, como almacenar su idioma o la moneda de su pa\u00eds. Adem\u00e1s, ayudan a los responsables de los sitios web a mejorar los servicios que ofrecen, gracias a la informaci\u00f3n estad\u00edstica que recogen a trav\u00e9s de ellos.<\/p>\n\n\n\n<p><strong>Tipolog\u00eda, Finalidad y Funcionamiento de las Cookies&nbsp;<\/strong><strong>.<\/strong><\/p>\n\n\n\n<p>Las cookies, en funci\u00f3n de su permanencia, pueden dividirse en cookies de sesi\u00f3n o permanentes. Las primeras expiran cuando el usuario cierra el navegador. Las segundas expiran en funci\u00f3n cuando se cumpla el objetivo para lo que sirven (por ejemplo, para que el usuario se mantenga identificado en las p\u00e1ginas de www.finqueserra.cat) o cuando se borran manualmente.<\/p>\n\n\n\n<p>Adicionalmente, en funci\u00f3n de su objetivo, las cookies se pueden clasificar de la siguiente forma:<\/p>\n\n\n\n<p><strong>Cookies de Rendimiento<\/strong>&nbsp;: Este tipo de cookie recuerda tus preferencias para las herramientas que se encuentran en las p\u00e1ginas, por lo que no es necesario volver a configurar cada vez que la visitas. A modo de ejemplo, en esta tipolog\u00eda se incluyen:<\/p>\n\n\n\n<p>Configuraci\u00f3n de volumen de reproductores de v\u00eddeo o sonido.<\/p>\n\n\n\n<p>Las velocidades de transmisi\u00f3n de v\u00eddeo compatibles con su navegador.<\/p>\n\n\n\n<p><strong>Cookies de Geolocalizaci\u00f3n<\/strong>&nbsp;: Estas cookies son utilizadas para averiguar en qu\u00e9 pa\u00eds te encuentras cuando se navega por la web. Esta cookie es totalmente an\u00f3nima, y \u200b\u200bs\u00f3lo se utiliza para ayudarle a orientar el contenido a su ubicaci\u00f3n.<\/p>\n\n\n\n<p><strong>Cookies de registro<\/strong>&nbsp;: Las cookies de registro se generan una vez que el usuario se ha registrado o posteriormente comenz\u00f3 la sesi\u00f3n, y se utilizan para identificarlo en las p\u00e1ginas con los siguientes objetivos:<\/p>\n\n\n\n<ul class=\"wp-block-list\">\n<li>Mantener al usuario identificado de forma que, si cierra una p\u00e1gina, el navegador o el ordenador y en otro momento u otro d\u00eda vuelva a entrar en esa p\u00e1gina, seguir\u00e1 identificado, facilitando as\u00ed su navegaci\u00f3n sin tener que volverse a identificar. Esta funcionalidad se puede suprimir si el usuario pulsa la funcionalidad \u201ccerrar sesi\u00f3n\u201d, por lo que esta cookie se elimina y la pr\u00f3xima vez que entre en la p\u00e1gina el usuario deber\u00e1 iniciar sesi\u00f3n para estar identificado.<\/li>\n\n\n\n<li>Compruebe si el usuario est\u00e1 autorizado para acceder a ciertas p\u00e1ginas, por ejemplo, para participar en un concurso.<\/li>\n\n\n\n<li>Adicionalmente, algunas p\u00e1ginas pueden utilizar conectores con redes sociales como Facebook, Instagram, Youtube o Twitter. Cuando el usuario se registra en una p\u00e1gina con credenciales de una red social, autoriza a la red social a guardar una cookie persistente que recuerda su identidad y garantiza acceso a las p\u00e1ginas hasta que expira. El usuario puede borrar esta cookie y revocar el acceso a las p\u00e1ginas a trav\u00e9s de redes sociales actualizando las preferencias en la red social que espec\u00edfica.<\/li>\n<\/ul>\n\n\n\n<p><strong>Cookies de anal\u00edticas<\/strong>\u00a0: Cada vez que un usuario visita una p\u00e1gina, una herramienta de un proveedor externo (en nuestro caso Google Analytics) genera una cookie anal\u00edtica en el ordenador del usuario. Esta cookie que s\u00f3lo se genera en la visita, servir\u00e1 en futuras visitas a las p\u00e1ginas de www.finqueserra.cat para identificar de forma an\u00f3nima al visitante. Los objetivos principales que se persiguen son:<\/p>\n\n\n\n<ul class=\"wp-block-list\">\n<li>Permitir la identificaci\u00f3n an\u00f3nima de los usuarios navegantes a trav\u00e9s de la cookie (identifica navegadores y dispositivos, no personas) y por tanto la contabilizaci\u00f3n aproximada del n\u00famero de visitantes y su tendencia en el tiempo.<\/li>\n\n\n\n<li>Identificar de forma an\u00f3nima los contenidos m\u00e1s visitados y, por tanto, m\u00e1s atractivos para los usuarios.<\/li>\n\n\n\n<li>Saber si el usuario que est\u00e1 accediendo es nuevo o repite visita.<\/li>\n<\/ul>\n\n\n\n<p>Importante: Salvo que el usuario decida registrarse en la web de www.finqueserra.cat, la cookie nunca ir\u00e1 asociada a ning\u00fan dato de car\u00e1cter personal que pueda identificarlo. Estas cookies s\u00f3lo ser\u00e1n utilizadas con prop\u00f3sitos estad\u00edsticos que ayuden a la optimizaci\u00f3n de la experiencia de los usuarios en el sitio.<\/p>\n\n\n\n<p><strong>Otras cookies de terceros&nbsp;<\/strong><strong>.<\/strong><\/p>\n\n\n\n<p>En algunas de nuestras p\u00e1ginas se pueden instalar cookies de terceros que permitan gestionar y mejorar los servicios que \u00e9stos ofrecen. Un ejemplo de este uso son los enlaces en las redes sociales que permiten compartir nuestros contenidos.<\/p>\n\n\n\n<p><strong>\u00bfC\u00f3mo puedo configurar mis preferencias?<\/strong><\/p>\n\n\n\n<p>Puede permitir, bloquear o eliminar las cookies instaladas en su equipo mediante la configuraci\u00f3n de las opciones de su navegador de internet. En caso de que las bloquee, es posible que ciertos servicios que necesitan su uso no est\u00e9n disponibles para usted.<\/p>\n\n\n\n<p><strong>Utilizaci\u00f3n de Cookies&nbsp;<\/strong><strong>.<\/strong><\/p>\n\n\n\n<p>Las cookies son archivos enviados a un navegador por medio de un servidor web para registrar las actividades del usuario en una web determinada. La primera finalidad de las cookies es facilitar al usuario un acceso m\u00e1s r\u00e1pido a las p\u00e1ginas seleccionadas.<\/p>\n\n\n\n<p>La web www.finqueserra.cat utiliza cookies para personalizar y facilitar al m\u00e1ximo la navegaci\u00f3n del usuario. Las cookies se asocian \u00fanicamente a un usuario an\u00f3nimo y su ordenador y no proporcionan referencias que permitan deducir datos personales del usuario. El usuario podr\u00e1 configurar el navegador para que notifique y rechace la instalaci\u00f3n de las cookies enviadas por la web de www.finqueserra.cat, sin que ello perjudique a la posibilidad del usuario de acceder a los contenidos. Sin embargo, te hacemos notar que, en cualquier caso, la calidad de funcionamiento de la p\u00e1gina web puede disminuir.<\/p>\n\n\n\n<p>Asimismo, la web de www.finqueserra.cat podr\u00e1 saber todas las p\u00e1ginas visitas por los usuarios, por lo que podr\u00e1 facilitar u ofrecer informaci\u00f3n adecuada a los gustos y preferencias de cada usuario.<\/p>\n\n\n\n<p><strong>C\u00f3mo desactivar las Cookies&nbsp;&nbsp;<\/strong><strong>en los principales navegadores&nbsp;<\/strong><strong>?<\/strong><\/p>\n\n\n\n<p>Normalmente es posible dejar de aceptar las cookies del navegador, o dejar de aceptar las cookies de una p\u00e1gina en particular.<\/p>\n\n\n\n<p>Todos los navegadores modernos permiten cambiar la configuraci\u00f3n de cookies. Este ajuste normalmente se encuentra en las \u201cOpciones\u201d o \u201cPreferencias\u201d del men\u00fa de su navegador.<\/p>\n\n\n\n<p>La web de www.finqueserra.cat ofrece orientaci\u00f3n al usuario sobre los pasos para acceder al men\u00fa de configuraci\u00f3n de las cookies y, en su caso, de la navegaci\u00f3n privada en cada uno de los navegadores principales:<\/p>\n\n\n\n<p><strong>Internet Explorer<\/strong>&nbsp;: Herramientas -&gt; Opciones de Internet -&gt; Privacidad -&gt; Configuraci\u00f3n.<\/p>\n\n\n\n<p>Para m\u00e1s informaci\u00f3n, puede consultar el soporte de Microsoft o la Ayuda del navegador.<\/p>\n\n\n\n<p>Firefox: Herramientas -&gt; Opciones -&gt; Privacidad -&gt; Hist\u00f3rico -&gt; Configuraci\u00f3n Personalizada.<\/p>\n\n\n\n<p>Para m\u00e1s informaci\u00f3n, puede consultar el soporte de Mozilla o la Ayuda del navegador.<\/p>\n\n\n\n<p><strong>Chrome<\/strong>&nbsp;: Configuraci\u00f3n -&gt; Mostrar opciones avanzadas -&gt; Privacidad -&gt; Configuraci\u00f3n de contenido.<\/p>\n\n\n\n<p>Para m\u00e1s informaci\u00f3n, puede consultar el soporte de Google o la Ayuda del navegador.<\/p>\n\n\n\n<p><strong>Safari<\/strong>&nbsp;: Preferencias -&gt; Seguridad.<\/p>\n\n\n\n<p>Para m\u00e1s informaci\u00f3n, puede consultar el soporte de Apple o la Ayuda del navegador.<\/p>\n\n\n\n<p><strong>\u00bfQu\u00e9 pasa si se desactivan las cookies&nbsp;<\/strong><strong>?<\/strong><\/p>\n\n\n\n<p>Algunas funcionalidades de las p\u00e1ginas quedar\u00e1n desactivadas como permanecer identificado, recibir informaci\u00f3n dirigida a su localizaci\u00f3n o la visualizaci\u00f3n de algunos v\u00eddeos.<\/p>\n\n\n\n<p><strong>P\u00edxeles.<\/strong><\/p>\n\n\n\n<p>Un p\u00edxel es una imagen diminuta que puede encontrarse en correos electr\u00f3nicos y p\u00e1ginas web, y que requiere una llamada (que proporciona informaci\u00f3n sobre el dispositivo y la visita) a nuestros servidores para que este p\u00edxel se represente en estos correos electr\u00f3nicos y p\u00e1ginas web. Utilizamos p\u00edxeles para obtener m\u00e1s informaci\u00f3n sobre sus interacciones con el contenido web y de correo electr\u00f3nico, como si has interactuado con anuncios o publicaciones. Los p\u00edxeles tambi\u00e9n nos permiten, a nosotros ya terceros, colocar cookies en su navegador.<\/p>\n\n\n\n<p><strong>Actualizaci\u00f3n y cambios en la pol\u00edtica de Cookies&nbsp;<\/strong><strong>.<\/strong><\/p>\n\n\n\n<p>La web de www.finqueserra.cat puede modificar esta Pol\u00edtica de Cookies en funci\u00f3n de exigencias legislativas, reglamentarias, o para adaptar esta pol\u00edtica a las instrucciones dictadas por la Agencia Espa\u00f1ola de Protecci\u00f3n de Datos, por eso se aconseja a los usuarios que la visiten peri\u00f3dicamente.<\/p>\n\n\n\n<p>Cuando se produzcan cambios significativos en esta Pol\u00edtica de Cookies, se comunicar\u00e1n a los usuarios a trav\u00e9s de la web.<\/p>\n\n\n\n<p>Respecto de las cookies de terceros, es decir aquellas que son ajenas a nuestro sitio web, no podemos hacernos responsables del contenido y veracidad de las pol\u00edticas de privacidad que ellos incluyen por lo que la informaci\u00f3n que le ofrecemos es siempre en referencia a la fuente.<\/p>","protected":false},"excerpt":{"rendered":"<p>Pol\u00edtica de cookies Qu\u00e8 s\u00f3n les cookies i per qu\u00e8 les utilitzem? Aquest lloc web, igual que la majoria de llocs web a Internet, utilitza cookies per millorar lexperi\u00e8ncia de lusuari.&nbsp;A continuaci\u00f3, trobareu informaci\u00f3 sobre qu\u00e8 s\u00f3n les galetes, quin tipus de galetes utilitza aquest portal, com podeu desactivar les galetes al vostre navegador i [&hellip;]<\/p>","protected":false},"author":1,"featured_media":0,"parent":0,"menu_order":0,"comment_status":"closed","ping_status":"closed","template":"","meta":{"footnotes":""},"class_list":["post-279","page","type-page","status-publish","hentry"],"_links":{"self":[{"href":"http:\/\/www.finqueserra.cat\/es\/wp-json\/wp\/v2\/pages\/279","targetHints":{"allow":["GET"]}}],"collection":[{"href":"http:\/\/www.finqueserra.cat\/es\/wp-json\/wp\/v2\/pages"}],"about":[{"href":"http:\/\/www.finqueserra.cat\/es\/wp-json\/wp\/v2\/types\/page"}],"author":[{"embeddable":true,"href":"http:\/\/www.finqueserra.cat\/es\/wp-json\/wp\/v2\/users\/1"}],"replies":[{"embeddable":true,"href":"http:\/\/www.finqueserra.cat\/es\/wp-json\/wp\/v2\/comments?post=279"}],"version-history":[{"count":1,"href":"http:\/\/www.finqueserra.cat\/es\/wp-json\/wp\/v2\/pages\/279\/revisions"}],"predecessor-version":[{"id":281,"href":"http:\/\/www.finqueserra.cat\/es\/wp-json\/wp\/v2\/pages\/279\/revisions\/281"}],"wp:attachment":[{"href":"http:\/\/www.finqueserra.cat\/es\/wp-json\/wp\/v2\/media?parent=279"}],"curies":[{"name":"wp","href":"https:\/\/api.w.org\/{rel}","templated":true}]}}